{"id":11277,"date":"2024-06-19T09:54:43","date_gmt":"2024-06-19T07:54:43","guid":{"rendered":"https:\/\/portal.mermaidbroccoli.com\/?page_id=11277"},"modified":"2025-12-02T13:20:46","modified_gmt":"2025-12-02T12:20:46","slug":"mein-portal","status":"publish","type":"page","link":"https:\/\/portal.mermaidbroccoli.com\/de\/","title":{"rendered":"Mein Portal"},"content":{"rendered":"\t\t<div data-elementor-type=\"wp-page\" data-elementor-id=\"11277\" class=\"elementor elementor-11277 elementor-11164\" data-elementor-post-type=\"page\">\n\t\t\t\t\t\t<section class=\"elementor-section elementor-top-section elementor-element elementor-element-1e432531 elementor-section-boxed elementor-section-height-default elementor-section-height-default\" data-id=\"1e432531\" data-element_type=\"section\" data-e-type=\"section\">\n\t\t\t\t\t\t<div class=\"elementor-container elementor-column-gap-default\">\n\t\t\t\t\t<div class=\"elementor-column elementor-col-33 elementor-top-column elementor-element elementor-element-1d21426c\" data-id=\"1d21426c\" data-element_type=\"column\" data-e-type=\"column\">\n\t\t\t<div class=\"elementor-widget-wrap elementor-element-populated\">\n\t\t\t\t\t\t<div class=\"elementor-element elementor-element-77c4a4d8 elementor-widget elementor-widget-heading\" data-id=\"77c4a4d8\" data-element_type=\"widget\" data-e-type=\"widget\" data-widget_type=\"heading.default\">\n\t\t\t\t<div class=\"elementor-widget-container\">\n\t\t\t\t\t<h2 class=\"elementor-heading-title elementor-size-default\">Schau mal in unsere magische Methodbox<\/h2>\t\t\t\t<\/div>\n\t\t\t\t<\/div>\n\t\t\t\t<div class=\"elementor-element elementor-element-bdfaaeb elementor-widget elementor-widget-image\" data-id=\"bdfaaeb\" data-element_type=\"widget\" data-e-type=\"widget\" data-widget_type=\"image.default\">\n\t\t\t\t<div class=\"elementor-widget-container\">\n\t\t\t\t\t\t\t\t\t\t\t\t\t\t\t\t<a href=\"\/methodbox\/\">\n\t\t\t\t\t\t\t<img fetchpriority=\"high\" decoding=\"async\" width=\"640\" height=\"176\" src=\"https:\/\/portal.mermaidbroccoli.com\/wp-content\/uploads\/2024\/08\/sample-edition-illus-getrennt-transp-05-1024x282.png\" class=\"attachment-large size-large wp-image-12985\" alt=\"Take a look at our methodbox.\" srcset=\"https:\/\/portal.mermaidbroccoli.com\/wp-content\/uploads\/2024\/08\/sample-edition-illus-getrennt-transp-05-1024x282.png 1024w, https:\/\/portal.mermaidbroccoli.com\/wp-content\/uploads\/2024\/08\/sample-edition-illus-getrennt-transp-05-300x83.png 300w, https:\/\/portal.mermaidbroccoli.com\/wp-content\/uploads\/2024\/08\/sample-edition-illus-getrennt-transp-05-768x212.png 768w, https:\/\/portal.mermaidbroccoli.com\/wp-content\/uploads\/2024\/08\/sample-edition-illus-getrennt-transp-05-1536x423.png 1536w, https:\/\/portal.mermaidbroccoli.com\/wp-content\/uploads\/2024\/08\/sample-edition-illus-getrennt-transp-05-624x172.png 624w, https:\/\/portal.mermaidbroccoli.com\/wp-content\/uploads\/2024\/08\/sample-edition-illus-getrennt-transp-05.png 1977w\" sizes=\"(max-width: 640px) 100vw, 640px\" \/>\t\t\t\t\t\t\t\t<\/a>\n\t\t\t\t\t\t\t\t\t\t\t\t\t\t\t<\/div>\n\t\t\t\t<\/div>\n\t\t\t\t<div class=\"elementor-element elementor-element-66b0e76 elementor-widget elementor-widget-text-editor\" data-id=\"66b0e76\" data-element_type=\"widget\" data-e-type=\"widget\" data-widget_type=\"text-editor.default\">\n\t\t\t\t<div class=\"elementor-widget-container\">\n\t\t\t\t\t\t\t\t\t<p>In unserer magischen Methodbox findest du erprobte Werkzeuge, die dich durch jede komplexe Transformation begleiten k\u00f6nnen \u2013 sei es auf individueller, team- oder organisationsbezogener Ebene. <a href=\"\/methodlist\">Schau mal hier&#8230;<\/a><\/p>\t\t\t\t\t\t\t\t<\/div>\n\t\t\t\t<\/div>\n\t\t\t\t<div class=\"elementor-element elementor-element-2bb7f76 elementor-widget elementor-widget-heading\" data-id=\"2bb7f76\" data-element_type=\"widget\" data-e-type=\"widget\" data-widget_type=\"heading.default\">\n\t\t\t\t<div class=\"elementor-widget-container\">\n\t\t\t\t\t<h2 class=\"elementor-heading-title elementor-size-default\">Unsere weiteren Angebote<\/h2>\t\t\t\t<\/div>\n\t\t\t\t<\/div>\n\t\t\t\t<div class=\"elementor-element elementor-element-053a873 elementor-widget elementor-widget-text-editor\" data-id=\"053a873\" data-element_type=\"widget\" data-e-type=\"widget\" data-widget_type=\"text-editor.default\">\n\t\t\t\t<div class=\"elementor-widget-container\">\n\t\t\t\t\t\t\t\t\t<p>Neben unserer ma\u00dfgeschneiderten Beratung und Facilitation bieten wir bew\u00e4hrte Formate f\u00fcr die Schulung und Qualifizierung von F\u00fchrungskr\u00e4ften und Facilitator:innen an. Bitte <a href=\"mailto:info@mermaidbroccoli.com\">kontakiere uns<\/a>, wenn du Interesse an der Teilnahme an einem der folgenden Programme hast:<\/p>\t\t\t\t\t\t\t\t<\/div>\n\t\t\t\t<\/div>\n\t\t\t\t<div class=\"elementor-element elementor-element-13e9f91 elementor-widget elementor-widget-shortcode\" data-id=\"13e9f91\" data-element_type=\"widget\" data-e-type=\"widget\" data-widget_type=\"shortcode.default\">\n\t\t\t\t<div class=\"elementor-widget-container\">\n\t\t\t\t\t\t\t<div class=\"elementor-shortcode\"><div class=\"mb-course-grid\" style=\"display: grid; grid-template-columns: repeat(3, 1fr); gap: 20px;\"><div class=\"mb-course-card\"><a href=\"https:\/\/portal.mermaidbroccoli.com\/de\/courses\/fuehrung-in-bewegten-zeiten-kollaborativ-fuehren\/\"><img decoding=\"async\" width=\"300\" height=\"300\" src=\"https:\/\/portal.mermaidbroccoli.com\/wp-content\/uploads\/2025\/09\/Blended-Journey-Kollaborativ-fuhren-dt@2x-300x300.png\" class=\"attachment-medium size-medium wp-post-image\" alt=\"\" \/><\/a><\/div><div class=\"mb-course-card\"><a href=\"https:\/\/portal.mermaidbroccoli.com\/de\/courses\/grundlagen-fur-das-arbeiten-fuhren-in-komplexitat\/\"><img decoding=\"async\" width=\"300\" height=\"300\" src=\"https:\/\/portal.mermaidbroccoli.com\/wp-content\/uploads\/2023\/11\/Fundamentals-Quadrat@2x-300x300.png\" class=\"attachment-medium size-medium wp-post-image\" alt=\"Grundlagen f\u00fcr das Arbeiten und F\u00fchren in Komplexit\u00e4t\" \/><\/a><\/div><div class=\"mb-course-card\"><a href=\"https:\/\/portal.mermaidbroccoli.com\/de\/courses\/feedbackkultur\/\"><img loading=\"lazy\" decoding=\"async\" width=\"300\" height=\"300\" src=\"https:\/\/portal.mermaidbroccoli.com\/wp-content\/uploads\/2023\/12\/Feedbackkultur-Leadership-Journey-de-300x300.png\" class=\"attachment-medium size-medium wp-post-image\" alt=\"\" \/><\/a><\/div><div class=\"mb-course-card\"><a href=\"https:\/\/portal.mermaidbroccoli.com\/de\/courses\/facilitator-program-deutsch\/\"><img loading=\"lazy\" decoding=\"async\" width=\"300\" height=\"300\" src=\"https:\/\/portal.mermaidbroccoli.com\/wp-content\/uploads\/2024\/02\/Facilitator-Program-\u2013-Neutral-dt@2x-1-300x300.png\" class=\"attachment-medium size-medium wp-post-image\" alt=\"Facilitator Programm f\u00fcr den richtigen Umgang mit Komplexit\u00e4t\" \/><\/a><\/div><div class=\"mb-course-card\"><a href=\"https:\/\/portal.mermaidbroccoli.com\/de\/courses\/deep-dive-roles\/\"><img loading=\"lazy\" decoding=\"async\" width=\"300\" height=\"300\" src=\"https:\/\/portal.mermaidbroccoli.com\/wp-content\/uploads\/2023\/11\/Dep-Dive-Roles@2x-300x300.png\" class=\"attachment-medium size-medium wp-post-image\" alt=\"\" \/><\/a><\/div><div class=\"mb-course-card\"><a href=\"https:\/\/portal.mermaidbroccoli.com\/de\/courses\/deep-dive-korrektur-deutsch\/\"><img loading=\"lazy\" decoding=\"async\" width=\"300\" height=\"300\" src=\"https:\/\/portal.mermaidbroccoli.com\/wp-content\/uploads\/2023\/11\/Dep-Dive-Korrektur@2x-300x300.png\" class=\"attachment-medium size-medium wp-post-image\" alt=\"\" \/><\/a><\/div><div class=\"mb-course-card\"><a href=\"https:\/\/portal.mermaidbroccoli.com\/de\/courses\/deep-dive-delegation-deutsch\/\"><img loading=\"lazy\" decoding=\"async\" width=\"300\" height=\"300\" src=\"https:\/\/portal.mermaidbroccoli.com\/wp-content\/uploads\/2023\/11\/Dep-Dive-Delegation@2x-300x300.png\" class=\"attachment-medium size-medium wp-post-image\" alt=\"\" \/><\/a><\/div><div class=\"mb-course-card\"><a href=\"https:\/\/portal.mermaidbroccoli.com\/de\/courses\/deep-dive-vertrauensvolle-beziehungen-deutsch\/\"><img loading=\"lazy\" decoding=\"async\" width=\"300\" height=\"300\" src=\"https:\/\/portal.mermaidbroccoli.com\/wp-content\/uploads\/2023\/11\/Dep-Dive-Vertrauensvolle-Beziehungen@2x-300x300.png\" class=\"attachment-medium size-medium wp-post-image\" alt=\"\" \/><\/a><\/div><div class=\"mb-course-card\"><a href=\"https:\/\/portal.mermaidbroccoli.com\/de\/courses\/ergebnisorientierte-zusammenarbeit\/\"><img loading=\"lazy\" decoding=\"async\" width=\"300\" height=\"300\" src=\"https:\/\/portal.mermaidbroccoli.com\/wp-content\/uploads\/2024\/02\/Ergebnisorientierte-Zusammenarbeit-LEadership-Journey@2x-1-300x300.png\" class=\"attachment-medium size-medium wp-post-image\" alt=\"Ergebnisorientierte Zusammenarbeit f\u00fcr F\u00fchrung in Komplexit\u00e4t\" \/><\/a><\/div><div class=\"mb-course-card\"><a href=\"https:\/\/portal.mermaidbroccoli.com\/de\/courses\/deep-dive-virtuelle-teams-deutsch\/\"><img loading=\"lazy\" decoding=\"async\" width=\"300\" height=\"300\" src=\"https:\/\/portal.mermaidbroccoli.com\/wp-content\/uploads\/2024\/02\/Dep-Dive-Virtuelle-Teams@2x-300x300.png\" class=\"attachment-medium size-medium wp-post-image\" alt=\"\" \/><\/a><\/div><div class=\"mb-course-card\"><a href=\"https:\/\/portal.mermaidbroccoli.com\/de\/courses\/deep-dive-okr-deutsch\/\"><img loading=\"lazy\" decoding=\"async\" width=\"300\" height=\"300\" src=\"https:\/\/portal.mermaidbroccoli.com\/wp-content\/uploads\/2024\/04\/Dep-Dive-OKRs-dt@2x-1-300x300.png\" class=\"attachment-medium size-medium wp-post-image\" alt=\"\" \/><\/a><\/div><div class=\"mb-course-card\"><a href=\"https:\/\/portal.mermaidbroccoli.com\/de\/courses\/deep-dive-uberwaltigung-uberforderung\/\"><img loading=\"lazy\" decoding=\"async\" width=\"300\" height=\"300\" src=\"https:\/\/portal.mermaidbroccoli.com\/wp-content\/uploads\/2024\/06\/Dep-Dive-Uberwaltigung-Uberforderung@2x-300x300.png\" class=\"attachment-medium size-medium wp-post-image\" alt=\"\" \/><\/a><\/div><div class=\"mb-course-card\"><a href=\"https:\/\/portal.mermaidbroccoli.com\/de\/courses\/psychologische-sicherheit-deep-dive\/\"><img loading=\"lazy\" decoding=\"async\" width=\"300\" height=\"300\" src=\"https:\/\/portal.mermaidbroccoli.com\/wp-content\/uploads\/2024\/10\/Dep-Dive-Psychological-Safety-en@2x-300x300.png\" class=\"attachment-medium size-medium wp-post-image\" alt=\"\" \/><\/a><\/div><div class=\"mb-course-card\"><a href=\"https:\/\/portal.mermaidbroccoli.com\/de\/courses\/psychologische-sicherheit-hybride-journey-de\/\"><img loading=\"lazy\" decoding=\"async\" width=\"300\" height=\"300\" src=\"https:\/\/portal.mermaidbroccoli.com\/wp-content\/uploads\/2025\/03\/Hybride-Journey-Psychologische-Sicherheit-dt@2x-300x300.png\" class=\"attachment-medium size-medium wp-post-image\" alt=\"\" \/><\/a><\/div><\/div><\/div>\n\t\t\t\t\t\t<\/div>\n\t\t\t\t<\/div>\n\t\t\t\t\t<\/div>\n\t\t<\/div>\n\t\t\t\t<div class=\"elementor-column elementor-col-33 elementor-top-column elementor-element elementor-element-757d68c6\" data-id=\"757d68c6\" data-element_type=\"column\" data-e-type=\"column\">\n\t\t\t<div class=\"elementor-widget-wrap\">\n\t\t\t\t\t\t\t<\/div>\n\t\t<\/div>\n\t\t\t\t<div class=\"elementor-column elementor-col-33 elementor-top-column elementor-element elementor-element-55bd4512\" data-id=\"55bd4512\" data-element_type=\"column\" data-e-type=\"column\">\n\t\t\t<div class=\"elementor-widget-wrap elementor-element-populated\">\n\t\t\t\t\t\t<div class=\"elementor-element elementor-element-a5d4d2c elementor-widget elementor-widget-heading\" data-id=\"a5d4d2c\" data-element_type=\"widget\" data-e-type=\"widget\" data-widget_type=\"heading.default\">\n\t\t\t\t<div class=\"elementor-widget-container\">\n\t\t\t\t\t<h2 class=\"elementor-heading-title elementor-size-default\">Sprache wechseln<\/h2>\t\t\t\t<\/div>\n\t\t\t\t<\/div>\n\t\t\t\t<div class=\"elementor-element elementor-element-b60fe05 elementor-widget elementor-widget-text-editor\" data-id=\"b60fe05\" data-element_type=\"widget\" data-e-type=\"widget\" data-widget_type=\"text-editor.default\">\n\t\t\t\t<div class=\"elementor-widget-container\">\n\t\t\t\t\t\t\t\t\t\n<div role=\"navigation\" aria-label=\"Sprachwechsler\" class=\"wpml-ls-statics-shortcode_actions wpml-ls wpml-ls-legacy-list-vertical\">\n\t<ul>\n\n\t\t\t\t\t<li class=\"wpml-ls-slot-shortcode_actions wpml-ls-item wpml-ls-item-en wpml-ls-first-item wpml-ls-last-item wpml-ls-item-legacy-list-vertical\">\n\t\t\t\t<a href=\"https:\/\/portal.mermaidbroccoli.com\/\" lang=\"en\" class=\"wpml-ls-link\" aria-label=\"Wechseln zu English\" title=\"Wechseln zu English\">\n\t\t\t\t\t<span class=\"wpml-ls-native\">English<\/span><\/a>\n\t\t\t<\/li>\n\t\t\n\t<\/ul>\n<\/div>\n\t\t\t\t\t\t\t\t<\/div>\n\t\t\t\t<\/div>\n\t\t\t\t<div class=\"elementor-element elementor-element-9c6ad81 elementor-widget-divider--view-line elementor-widget elementor-widget-divider\" data-id=\"9c6ad81\" data-element_type=\"widget\" data-e-type=\"widget\" data-widget_type=\"divider.default\">\n\t\t\t\t<div class=\"elementor-widget-container\">\n\t\t\t\t\t\t\t<div class=\"elementor-divider\">\n\t\t\t<span class=\"elementor-divider-separator\">\n\t\t\t\t\t\t<\/span>\n\t\t<\/div>\n\t\t\t\t\t\t<\/div>\n\t\t\t\t<\/div>\n\t\t\t\t\t<\/div>\n\t\t<\/div>\n\t\t\t\t\t<\/div>\n\t\t<\/section>\n\t\t\t\t<section class=\"elementor-section elementor-top-section elementor-element elementor-element-f91f857 elementor-section-boxed elementor-section-height-default elementor-section-height-default\" data-id=\"f91f857\" data-element_type=\"section\" data-e-type=\"section\">\n\t\t\t\t\t\t<div class=\"elementor-container elementor-column-gap-default\">\n\t\t\t\t\t<div class=\"elementor-column elementor-col-100 elementor-top-column elementor-element elementor-element-5271db1\" data-id=\"5271db1\" data-element_type=\"column\" data-e-type=\"column\">\n\t\t\t<div class=\"elementor-widget-wrap\">\n\t\t\t\t\t\t\t<\/div>\n\t\t<\/div>\n\t\t\t\t\t<\/div>\n\t\t<\/section>\n\t\t\t\t<\/div>\n\t\t","protected":false},"excerpt":{"rendered":"<p>Hi Moritz willkommen auf dem m&#038;b Portal. Schau mal in unsere magische Methodbox In unserer magischen Methodbox findest du erprobte Werkzeuge, die dich durch jede&hellip;<\/p>\n","protected":false},"author":2,"featured_media":0,"parent":0,"menu_order":0,"comment_status":"closed","ping_status":"closed","template":"","meta":{"_eb_attr":"","footnotes":"","_links_to":"","_links_to_target":""},"class_list":["post-11277","page","type-page","status-publish","hentry"],"_links":{"self":[{"href":"https:\/\/portal.mermaidbroccoli.com\/de\/wp-json\/wp\/v2\/pages\/11277","targetHints":{"allow":["GET"]}}],"collection":[{"href":"https:\/\/portal.mermaidbroccoli.com\/de\/wp-json\/wp\/v2\/pages"}],"about":[{"href":"https:\/\/portal.mermaidbroccoli.com\/de\/wp-json\/wp\/v2\/types\/page"}],"author":[{"embeddable":true,"href":"https:\/\/portal.mermaidbroccoli.com\/de\/wp-json\/wp\/v2\/users\/2"}],"replies":[{"embeddable":true,"href":"https:\/\/portal.mermaidbroccoli.com\/de\/wp-json\/wp\/v2\/comments?post=11277"}],"version-history":[{"count":240,"href":"https:\/\/portal.mermaidbroccoli.com\/de\/wp-json\/wp\/v2\/pages\/11277\/revisions"}],"predecessor-version":[{"id":17973,"href":"https:\/\/portal.mermaidbroccoli.com\/de\/wp-json\/wp\/v2\/pages\/11277\/revisions\/17973"}],"wp:attachment":[{"href":"https:\/\/portal.mermaidbroccoli.com\/de\/wp-json\/wp\/v2\/media?parent=11277"}],"curies":[{"name":"wp","href":"https:\/\/api.w.org\/{rel}","templated":true}]}}