{"id":12452,"date":"2024-02-18T15:12:43","date_gmt":"2024-02-18T14:12:43","guid":{"rendered":"https:\/\/portal.mermaidbroccoli.com\/log-in\/"},"modified":"2025-05-20T14:33:14","modified_gmt":"2025-05-20T12:33:14","slug":"log-in","status":"publish","type":"page","link":"https:\/\/portal.mermaidbroccoli.com\/de\/log-in\/","title":{"rendered":"LogIn"},"content":{"rendered":"\t\t<div data-elementor-type=\"wp-page\" data-elementor-id=\"12452\" class=\"elementor elementor-12452 elementor-7373\" data-elementor-post-type=\"page\">\n\t\t\t\t\t\t<section class=\"elementor-section elementor-top-section elementor-element elementor-element-2a5c878c elementor-section-boxed elementor-section-height-default elementor-section-height-default\" data-id=\"2a5c878c\" data-element_type=\"section\" data-e-type=\"section\">\n\t\t\t\t\t\t<div class=\"elementor-container elementor-column-gap-narrow\">\n\t\t\t\t\t<div class=\"elementor-column elementor-col-50 elementor-top-column elementor-element elementor-element-21c5c9ea elementor-hidden-mobile\" data-id=\"21c5c9ea\" data-element_type=\"column\" data-e-type=\"column\">\n\t\t\t<div class=\"elementor-widget-wrap elementor-element-populated\">\n\t\t\t\t\t\t<div class=\"elementor-element elementor-element-2d7b3a79 elementor-widget elementor-widget-heading\" data-id=\"2d7b3a79\" data-element_type=\"widget\" data-e-type=\"widget\" data-widget_type=\"heading.default\">\n\t\t\t\t<div class=\"elementor-widget-container\">\n\t\t\t\t\t<h2 class=\"elementor-heading-title elementor-size-default\">Willkommen auf unserem Lernportal!<\/h2>\t\t\t\t<\/div>\n\t\t\t\t<\/div>\n\t\t\t\t<div class=\"elementor-element elementor-element-5ae52fe3 elementor-widget elementor-widget-text-editor\" data-id=\"5ae52fe3\" data-element_type=\"widget\" data-e-type=\"widget\" data-widget_type=\"text-editor.default\">\n\t\t\t\t<div class=\"elementor-widget-container\">\n\t\t\t\t\t\t\t\t\t<p>Lerne, Transformation und Komplexit\u00e4t wie ein Surfer die Welle zu beherrschen! Wir laden dich ein, dich auf eine transformative Reise der Entdeckung und der pers\u00f6nlichen Entwicklung zu begeben. Unser Ziel ist es, dich mit dem Wissen und den F\u00e4higkeiten auszustatten, die du brauchst, um die dynamischen Herausforderungen der heutigen Welt zu meistern.<\/p>\t\t\t\t\t\t\t\t<\/div>\n\t\t\t\t<\/div>\n\t\t\t\t<section class=\"elementor-section elementor-inner-section elementor-element elementor-element-692a507e elementor-section-full_width elementor-section-height-default elementor-section-height-default\" data-id=\"692a507e\" data-element_type=\"section\" data-e-type=\"section\">\n\t\t\t\t\t\t<div class=\"elementor-container elementor-column-gap-default\">\n\t\t\t\t\t<div class=\"elementor-column elementor-col-50 elementor-inner-column elementor-element elementor-element-65e5d995\" data-id=\"65e5d995\" data-element_type=\"column\" data-e-type=\"column\">\n\t\t\t<div class=\"elementor-widget-wrap elementor-element-populated\">\n\t\t\t\t\t\t<div class=\"elementor-element elementor-element-520322b1 elementor-widget elementor-widget-image\" data-id=\"520322b1\" data-element_type=\"widget\" data-e-type=\"widget\" data-widget_type=\"image.default\">\n\t\t\t\t<div class=\"elementor-widget-container\">\n\t\t\t\t\t\t\t\t\t\t\t\t\t\t\t\t<a href=\"https:\/\/mermaidbroccoli.com\/facilitator-program\/\" rel=\"nofollow\">\n\t\t\t\t\t\t\t<img fetchpriority=\"high\" decoding=\"async\" width=\"1522\" height=\"1522\" src=\"https:\/\/portal.mermaidbroccoli.com\/wp-content\/uploads\/2024\/07\/Facilitator-Program-\u2013-Neutral@2x.png\" class=\"attachment-full size-full wp-image-12374\" alt=\"\" srcset=\"https:\/\/portal.mermaidbroccoli.com\/wp-content\/uploads\/2024\/07\/Facilitator-Program-\u2013-Neutral@2x.png 1522w, https:\/\/portal.mermaidbroccoli.com\/wp-content\/uploads\/2024\/07\/Facilitator-Program-\u2013-Neutral@2x-300x300.png 300w, https:\/\/portal.mermaidbroccoli.com\/wp-content\/uploads\/2024\/07\/Facilitator-Program-\u2013-Neutral@2x-1024x1024.png 1024w, https:\/\/portal.mermaidbroccoli.com\/wp-content\/uploads\/2024\/07\/Facilitator-Program-\u2013-Neutral@2x-150x150.png 150w, https:\/\/portal.mermaidbroccoli.com\/wp-content\/uploads\/2024\/07\/Facilitator-Program-\u2013-Neutral@2x-768x768.png 768w, https:\/\/portal.mermaidbroccoli.com\/wp-content\/uploads\/2024\/07\/Facilitator-Program-\u2013-Neutral@2x-624x624.png 624w\" sizes=\"(max-width: 1522px) 100vw, 1522px\" \/>\t\t\t\t\t\t\t\t<\/a>\n\t\t\t\t\t\t\t\t\t\t\t\t\t\t\t<\/div>\n\t\t\t\t<\/div>\n\t\t\t\t<div class=\"elementor-element elementor-element-1b7a3358 elementor-widget__width-initial elementor-widget elementor-widget-text-editor\" data-id=\"1b7a3358\" data-element_type=\"widget\" data-e-type=\"widget\" data-widget_type=\"text-editor.default\">\n\t\t\t\t<div class=\"elementor-widget-container\">\n\t\t\t\t\t<div class=\"bb-theme-elementor-wrap bb-elementor-custom-family bb-elementor-custom-size bb-elementor-custom-line-height\">\t\t\t\t<p>Jede Ver\u00e4nderung braucht Menschen, die den Wandel vorantreiben und anderen dabei helfen, neue Arbeitsweisen zu etablieren. Dieses 6-monatige Programm bef\u00e4higt die Teilnehmer\/innen, gro\u00dfe und kleine Transformationen zu erm\u00f6glichen.<\/p>\n\t\t\t\t<\/div>\t\t\t\t<\/div>\n\t\t\t\t<\/div>\n\t\t\t\t<div class=\"elementor-element elementor-element-6bf5b998 elementor-widget elementor-widget-image\" data-id=\"6bf5b998\" data-element_type=\"widget\" data-e-type=\"widget\" data-widget_type=\"image.default\">\n\t\t\t\t<div class=\"elementor-widget-container\">\n\t\t\t\t\t\t\t\t\t\t\t\t\t\t\t\t<a href=\"https:\/\/mermaidbroccoli.com\/leadership-program\/#Grundlagen\">\n\t\t\t\t\t\t\t<img decoding=\"async\" width=\"1522\" height=\"1522\" src=\"https:\/\/portal.mermaidbroccoli.com\/wp-content\/uploads\/2024\/07\/Grundlagen-Quadrat@2x.png\" class=\"attachment-full size-full wp-image-12364\" alt=\"\" srcset=\"https:\/\/portal.mermaidbroccoli.com\/wp-content\/uploads\/2024\/07\/Grundlagen-Quadrat@2x.png 1522w, https:\/\/portal.mermaidbroccoli.com\/wp-content\/uploads\/2024\/07\/Grundlagen-Quadrat@2x-300x300.png 300w, https:\/\/portal.mermaidbroccoli.com\/wp-content\/uploads\/2024\/07\/Grundlagen-Quadrat@2x-1024x1024.png 1024w, https:\/\/portal.mermaidbroccoli.com\/wp-content\/uploads\/2024\/07\/Grundlagen-Quadrat@2x-150x150.png 150w, https:\/\/portal.mermaidbroccoli.com\/wp-content\/uploads\/2024\/07\/Grundlagen-Quadrat@2x-768x768.png 768w, https:\/\/portal.mermaidbroccoli.com\/wp-content\/uploads\/2024\/07\/Grundlagen-Quadrat@2x-624x624.png 624w\" sizes=\"(max-width: 1522px) 100vw, 1522px\" \/>\t\t\t\t\t\t\t\t<\/a>\n\t\t\t\t\t\t\t\t\t\t\t\t\t\t\t<\/div>\n\t\t\t\t<\/div>\n\t\t\t\t<div class=\"elementor-element elementor-element-7c93ad66 elementor-widget__width-initial elementor-widget elementor-widget-text-editor\" data-id=\"7c93ad66\" data-element_type=\"widget\" data-e-type=\"widget\" data-widget_type=\"text-editor.default\">\n\t\t\t\t<div class=\"elementor-widget-container\">\n\t\t\t\t\t<div class=\"bb-theme-elementor-wrap bb-elementor-custom-family bb-elementor-custom-size bb-elementor-custom-line-height\">\t\t\t\t<p>Verstehe die Unterschiede von komplizierten und komplexen Herausforderungen und warum und wo die &#8222;guten alten&#8220; Managementmethoden an ihre Grenzen sto\u00dfen. Dieser Grundkurs ist Teil unseres kostenlosen Angebots. <\/p>\n\t\t\t\t<\/div>\t\t\t\t<\/div>\n\t\t\t\t<\/div>\n\t\t\t\t<div class=\"elementor-element elementor-element-3c0b5063 elementor-widget elementor-widget-image\" data-id=\"3c0b5063\" data-element_type=\"widget\" data-e-type=\"widget\" data-widget_type=\"image.default\">\n\t\t\t\t<div class=\"elementor-widget-container\">\n\t\t\t\t\t\t\t\t\t\t\t\t\t\t\t<img decoding=\"async\" width=\"539\" height=\"390\" src=\"https:\/\/portal.mermaidbroccoli.com\/wp-content\/uploads\/2024\/07\/registrierungsgrafik_illu-06-1.png\" class=\"attachment-full size-full wp-image-12368\" alt=\"\" srcset=\"https:\/\/portal.mermaidbroccoli.com\/wp-content\/uploads\/2024\/07\/registrierungsgrafik_illu-06-1.png 539w, https:\/\/portal.mermaidbroccoli.com\/wp-content\/uploads\/2024\/07\/registrierungsgrafik_illu-06-1-300x217.png 300w\" sizes=\"(max-width: 539px) 100vw, 539px\" \/>\t\t\t\t\t\t\t\t\t\t\t\t\t\t\t<\/div>\n\t\t\t\t<\/div>\n\t\t\t\t<div class=\"elementor-element elementor-element-44e226b4 elementor-widget elementor-widget-image\" data-id=\"44e226b4\" data-element_type=\"widget\" data-e-type=\"widget\" data-widget_type=\"image.default\">\n\t\t\t\t<div class=\"elementor-widget-container\">\n\t\t\t\t\t\t\t\t\t\t\t\t\t\t\t\t<a href=\"https:\/\/mermaidbroccoli.com\/leadership-program\/#Collaboration\" rel=\"nofollow\">\n\t\t\t\t\t\t\t<img decoding=\"async\" src=\"https:\/\/portal.mermaidbroccoli.com\/wp-content\/uploads\/elementor\/thumbs\/Result-driven-Collaboration-LEadership-Journey@2x-r6y4rih9nncbsywo2r23ju6xm299z0qalt3g3b7avk.png\" title=\"Result-driven-Collaboration-LEadership-Journey@2x.png\" alt=\"Result-driven-Collaboration-LEadership-Journey@2x.png\" loading=\"lazy\" \/>\t\t\t\t\t\t\t\t<\/a>\n\t\t\t\t\t\t\t\t\t\t\t\t\t\t\t<\/div>\n\t\t\t\t<\/div>\n\t\t\t\t<div class=\"elementor-element elementor-element-3dbd6932 elementor-widget__width-initial elementor-widget elementor-widget-text-editor\" data-id=\"3dbd6932\" data-element_type=\"widget\" data-e-type=\"widget\" data-widget_type=\"text-editor.default\">\n\t\t\t\t<div class=\"elementor-widget-container\">\n\t\t\t\t\t<div class=\"bb-theme-elementor-wrap bb-elementor-custom-family bb-elementor-custom-size bb-elementor-custom-line-height\">\t\t\t\t<p>Zusammenarbeit ist der Schl\u00fcssel, wenn es darum geht, Ideen zu entwickeln. Die Herausforderung besteht darin, sich darauf zu konzentrieren, gute Ergebnisse zu erzielen. Diese hybride Reise bringt beides unter einen Hut: gro\u00dfartige Kollaboration und Ergebnisorientiertheit.<\/p>\n\t\t\t\t<\/div>\t\t\t\t<\/div>\n\t\t\t\t<\/div>\n\t\t\t\t\t<\/div>\n\t\t<\/div>\n\t\t\t\t<div class=\"elementor-column elementor-col-50 elementor-inner-column elementor-element elementor-element-703b5a4d\" data-id=\"703b5a4d\" data-element_type=\"column\" data-e-type=\"column\">\n\t\t\t<div class=\"elementor-widget-wrap elementor-element-populated\">\n\t\t\t\t\t\t<div class=\"elementor-element elementor-element-5a811d45 elementor-widget elementor-widget-image\" data-id=\"5a811d45\" data-element_type=\"widget\" data-e-type=\"widget\" data-widget_type=\"image.default\">\n\t\t\t\t<div class=\"elementor-widget-container\">\n\t\t\t\t\t\t\t\t\t\t\t\t\t\t\t<img loading=\"lazy\" decoding=\"async\" width=\"640\" height=\"431\" src=\"https:\/\/portal.mermaidbroccoli.com\/wp-content\/uploads\/2024\/07\/registrierungsgrafik_illu-03-1.png\" class=\"attachment-large size-large wp-image-12372\" alt=\"\" srcset=\"https:\/\/portal.mermaidbroccoli.com\/wp-content\/uploads\/2024\/07\/registrierungsgrafik_illu-03-1.png 695w, https:\/\/portal.mermaidbroccoli.com\/wp-content\/uploads\/2024\/07\/registrierungsgrafik_illu-03-1-300x202.png 300w, https:\/\/portal.mermaidbroccoli.com\/wp-content\/uploads\/2024\/07\/registrierungsgrafik_illu-03-1-624x420.png 624w\" sizes=\"(max-width: 640px) 100vw, 640px\" \/>\t\t\t\t\t\t\t\t\t\t\t\t\t\t\t<\/div>\n\t\t\t\t<\/div>\n\t\t\t\t<div class=\"elementor-element elementor-element-29a42fb0 elementor-widget elementor-widget-image\" data-id=\"29a42fb0\" data-element_type=\"widget\" data-e-type=\"widget\" data-widget_type=\"image.default\">\n\t\t\t\t<div class=\"elementor-widget-container\">\n\t\t\t\t\t\t\t\t\t\t\t\t\t\t\t\t<a href=\"https:\/\/mermaidbroccoli.com\/leadership-program\/#feedback\" rel=\"nofollow\">\n\t\t\t\t\t\t\t<img loading=\"lazy\" decoding=\"async\" width=\"1522\" height=\"1522\" src=\"https:\/\/portal.mermaidbroccoli.com\/wp-content\/uploads\/2024\/07\/Feedback-Culture-LEadership-Journey-en@2x.png\" class=\"attachment-full size-full wp-image-12376\" alt=\"\" srcset=\"https:\/\/portal.mermaidbroccoli.com\/wp-content\/uploads\/2024\/07\/Feedback-Culture-LEadership-Journey-en@2x.png 1522w, https:\/\/portal.mermaidbroccoli.com\/wp-content\/uploads\/2024\/07\/Feedback-Culture-LEadership-Journey-en@2x-300x300.png 300w, https:\/\/portal.mermaidbroccoli.com\/wp-content\/uploads\/2024\/07\/Feedback-Culture-LEadership-Journey-en@2x-1024x1024.png 1024w, https:\/\/portal.mermaidbroccoli.com\/wp-content\/uploads\/2024\/07\/Feedback-Culture-LEadership-Journey-en@2x-150x150.png 150w, https:\/\/portal.mermaidbroccoli.com\/wp-content\/uploads\/2024\/07\/Feedback-Culture-LEadership-Journey-en@2x-768x768.png 768w, https:\/\/portal.mermaidbroccoli.com\/wp-content\/uploads\/2024\/07\/Feedback-Culture-LEadership-Journey-en@2x-624x624.png 624w\" sizes=\"(max-width: 1522px) 100vw, 1522px\" \/>\t\t\t\t\t\t\t\t<\/a>\n\t\t\t\t\t\t\t\t\t\t\t\t\t\t\t<\/div>\n\t\t\t\t<\/div>\n\t\t\t\t<div class=\"elementor-element elementor-element-42b8388 elementor-widget__width-initial elementor-widget elementor-widget-text-editor\" data-id=\"42b8388\" data-element_type=\"widget\" data-e-type=\"widget\" data-widget_type=\"text-editor.default\">\n\t\t\t\t<div class=\"elementor-widget-container\">\n\t\t\t\t\t<div class=\"bb-theme-elementor-wrap bb-elementor-custom-family bb-elementor-custom-size bb-elementor-custom-line-height\">\t\t\t\t<p>Komplexe Umgebungen brauchen eine Kultur, in der sich das Geben von Feedback auf allen Ebenen absolut nat\u00fcrlich anf\u00fchlt. Diese hybride Reise hilft F\u00fchrungskr\u00e4ften dabei, eine starke Feedback-Kultur in ihren Teams und Organisationen aufzubauen.<\/p>\n\t\t\t\t<\/div>\t\t\t\t<\/div>\n\t\t\t\t<\/div>\n\t\t\t\t<div class=\"elementor-element elementor-element-4de78c1 elementor-widget elementor-widget-image\" data-id=\"4de78c1\" data-element_type=\"widget\" data-e-type=\"widget\" data-widget_type=\"image.default\">\n\t\t\t\t<div class=\"elementor-widget-container\">\n\t\t\t\t\t\t\t\t\t\t\t\t\t\t\t\t<a href=\"https:\/\/mermaidbroccoli.com\/leadership-program\/#Deep-Dives\" rel=\"nofollow\">\n\t\t\t\t\t\t\t<img loading=\"lazy\" decoding=\"async\" width=\"1522\" height=\"1522\" src=\"https:\/\/portal.mermaidbroccoli.com\/wp-content\/uploads\/2024\/07\/Dep-Dive-OKRs-en@2x.png\" class=\"attachment-full size-full wp-image-12378\" alt=\"\" srcset=\"https:\/\/portal.mermaidbroccoli.com\/wp-content\/uploads\/2024\/07\/Dep-Dive-OKRs-en@2x.png 1522w, https:\/\/portal.mermaidbroccoli.com\/wp-content\/uploads\/2024\/07\/Dep-Dive-OKRs-en@2x-300x300.png 300w, https:\/\/portal.mermaidbroccoli.com\/wp-content\/uploads\/2024\/07\/Dep-Dive-OKRs-en@2x-1024x1024.png 1024w, https:\/\/portal.mermaidbroccoli.com\/wp-content\/uploads\/2024\/07\/Dep-Dive-OKRs-en@2x-150x150.png 150w, https:\/\/portal.mermaidbroccoli.com\/wp-content\/uploads\/2024\/07\/Dep-Dive-OKRs-en@2x-768x768.png 768w, https:\/\/portal.mermaidbroccoli.com\/wp-content\/uploads\/2024\/07\/Dep-Dive-OKRs-en@2x-624x624.png 624w\" sizes=\"(max-width: 1522px) 100vw, 1522px\" \/>\t\t\t\t\t\t\t\t<\/a>\n\t\t\t\t\t\t\t\t\t\t\t\t\t\t\t<\/div>\n\t\t\t\t<\/div>\n\t\t\t\t<div class=\"elementor-element elementor-element-7e20271e elementor-widget__width-initial elementor-widget elementor-widget-text-editor\" data-id=\"7e20271e\" data-element_type=\"widget\" data-e-type=\"widget\" data-widget_type=\"text-editor.default\">\n\t\t\t\t<div class=\"elementor-widget-container\">\n\t\t\t\t\t<div class=\"bb-theme-elementor-wrap bb-elementor-custom-family bb-elementor-custom-size bb-elementor-custom-line-height\">\t\t\t\t<p>OKRs sind ein hilfreiches und gut durchdachtes Instrument, um Ziele innerhalb von Teams zu setzen, zu priorisieren, zu kommunizieren und zu \u00fcberwachen. Mit diesem Deep Dive zum Selbststudium lernst du, wie du gute OKRs formulierst und auf Kurs bleibst.<\/p>\n\t\t\t\t<\/div>\t\t\t\t<\/div>\n\t\t\t\t<\/div>\n\t\t\t\t<div class=\"elementor-element elementor-element-3883242d elementor-widget elementor-widget-image\" data-id=\"3883242d\" data-element_type=\"widget\" data-e-type=\"widget\" data-widget_type=\"image.default\">\n\t\t\t\t<div class=\"elementor-widget-container\">\n\t\t\t\t\t\t\t\t\t\t\t\t\t\t\t\t<a href=\"https:\/\/mermaidbroccoli.com\/methodbox\/\">\n\t\t\t\t\t\t\t<img decoding=\"async\" src=\"https:\/\/portal.mermaidbroccoli.com\/wp-content\/uploads\/elementor\/thumbs\/Methodbox_Quadrat_en@2x-1-r6y4rihavi4rez2ehnx9nx1anegwmry0hlom8poiwo.png\" title=\"Methodbox_Quadrat_en@2x-1.png\" alt=\"Methodbox_Quadrat_en@2x-1.png\" loading=\"lazy\" \/>\t\t\t\t\t\t\t\t<\/a>\n\t\t\t\t\t\t\t\t\t\t\t\t\t\t\t<\/div>\n\t\t\t\t<\/div>\n\t\t\t\t<div class=\"elementor-element elementor-element-3d5c28ed elementor-widget__width-initial elementor-widget elementor-widget-text-editor\" data-id=\"3d5c28ed\" data-element_type=\"widget\" data-e-type=\"widget\" data-widget_type=\"text-editor.default\">\n\t\t\t\t<div class=\"elementor-widget-container\">\n\t\t\t\t\t<div class=\"bb-theme-elementor-wrap bb-elementor-custom-family bb-elementor-custom-size bb-elementor-custom-line-height\">\t\t\t\t<p>Unsere Methodbox enth\u00e4lt jede Menge Werkzeuge und Methoden f\u00fcr deine Transformation und um auf eine neue Art zu f\u00fchren und zu arbeiten. Hier findest du praktische Schritt-f\u00fcr-Schritt-Anleitungen sowie Templates und Spickzettel.<\/p>\n\t\t\t\t<\/div>\t\t\t\t<\/div>\n\t\t\t\t<\/div>\n\t\t\t\t\t<\/div>\n\t\t<\/div>\n\t\t\t\t\t<\/div>\n\t\t<\/section>\n\t\t\t\t\t<\/div>\n\t\t<\/div>\n\t\t\t\t<div class=\"elementor-column elementor-col-50 elementor-top-column elementor-element elementor-element-2a3928f8\" data-id=\"2a3928f8\" data-element_type=\"column\" data-e-type=\"column\" data-settings=\"{&quot;background_background&quot;:&quot;classic&quot;}\">\n\t\t\t<div class=\"elementor-widget-wrap elementor-element-populated\">\n\t\t\t\t\t\t<div class=\"elementor-element elementor-element-413ea142 elementor-widget elementor-widget-heading\" data-id=\"413ea142\" data-element_type=\"widget\" data-e-type=\"widget\" data-widget_type=\"heading.default\">\n\t\t\t\t<div class=\"elementor-widget-container\">\n\t\t\t\t\t<h2 class=\"elementor-heading-title elementor-size-default\">Einloggen<\/h2>\t\t\t\t<\/div>\n\t\t\t\t<\/div>\n\t\t\t\t<div class=\"elementor-element elementor-element-4c2e72d5 elementor-widget elementor-widget-text-editor\" data-id=\"4c2e72d5\" data-element_type=\"widget\" data-e-type=\"widget\" data-widget_type=\"text-editor.default\">\n\t\t\t\t<div class=\"elementor-widget-container\">\n\t\t\t\t\t<div class=\"bb-theme-elementor-wrap bb-elementor-custom-family bb-elementor-custom-size bb-elementor-custom-line-height\">\t\t\t\t<p><a href=\"https:\/\/portal.mermaidbroccoli.com\/new-registration\/\">oder registriere dich, um auf unsere kostenlosen Inhalte zuzugreifen<\/a>.<\/p>\n\t\t\t\t<\/div>\t\t\t\t<\/div>\n\t\t\t\t<\/div>\n\t\t\t\t<div class=\"elementor-element elementor-element-40541c9c elementor-widget elementor-widget-shortcode\" data-id=\"40541c9c\" data-element_type=\"widget\" data-e-type=\"widget\" data-widget_type=\"shortcode.default\">\n\t\t\t\t<div class=\"elementor-widget-container\">\n\t\t\t\t\t\t\t<div class=\"elementor-shortcode\"><div class=\"WishListMember_LoginMergeCode\"><div class=\"wlm-ajax-login\"><div class=\"wlm-ajax-login-form\"><form action=\"https:\/\/portal.mermaidbroccoli.com\/de\/wp-login.php\" method=\"post\" class=\"wlm_inpageloginform\">\n<input type=\"hidden\" name=\"wlm_redirect_to\" value=\"\" \/>\n<input type=\"hidden\" name=\"redirect_to\" value=\"\" \/>\n<div class=\"wlm3-form\">\n<div class=\"wlm3-form-group\"><label>Username oder Emailadresse<\/label><input name=\"log\" class=\" wlm3-form-field fld\" id=\"wlm_form_field_log\" type=\"text\" value=\"\"><\/div>\n<div class=\"wlm3-form-group\"><label>Passwort<\/label><span class=\"wishlist-member-login-password\"><input name=\"pwd\" class=\" wlm3-form-field fld\" id=\"wlm_form_field_pwd\" type=\"password\" value=\"\"><a href=\"#\" class=\"dashicons dashicons-visibility\" aria-hidden=\"true\"><\/a><\/span><\/div>\n\n<div class=\"wlm3-form-group\"><label><input name=\"rememberme\" class=\" form-checkbox fld\" id=\"wlm_form_field_rememberme\" type=\"checkbox\"  value=\"forever\"> Eingeloggt bleiben<\/label><\/div>\n<p><input name=\"wp-submit\" class=\"\" id=\"wlm_form_field_wp-submit\" type=\"submit\" value=\"Anmelden\"><\/p>\n<p class=\"wlmember_login_shortcode_otl_request\"><a href=\"https:\/\/portal.mermaidbroccoli.com\/de\/wp-login.php?redirect_to=https%3A%2F%2Fportal.mermaidbroccoli.com%2Fde%2Fwp-json%2Fwp%2Fv2%2Fpages%2F12452&action=wishlistmember-otl\">Send me a One-Time Login Link<\/a><\/p>\n<p>\n<a href=\"https:\/\/portal.mermaidbroccoli.com\/de\/wp-login.php?action=lostpassword\">Passwort vergessen?<\/a>\n<\/p>\n<\/div>\n<\/form><\/div><form method=\"post\" action=\"https:\/\/portal.mermaidbroccoli.com\/de\/wp-login.php?redirect_to=https%3A%2F%2Fportal.mermaidbroccoli.com%2Fde%2Fwp-json%2Fwp%2Fv2%2Fpages%2F12452&action=wishlistmember-otl\" class=\"wlm-ajax-login-form-otl\" style=\"display: none;\"><div class=\"wlm-ajax-login-notice -permanent\">Bitte gib deinen Usernamen oder deine Email ein. Wir schicken dir dann eine Nachricht mit einem Einmallink zum Einloggen. <\/div><div class=\"wlm3-form\"><div class=\"wlm3-form-group\"><label>Username oder Emailadresse<\/label><input name=\"user_login\" class=\" wlm3-form-field fld\" id=\"wlm_form_field_user_login\" type=\"text\" value=\"\"><\/div><p><input name=\"wp-submit\" class=\"\" id=\"wlm_form_field_wp-submit\" type=\"submit\" value=\"Erhalte einen Einmallink zum Einloggen\"><\/p><input name=\"action\" class=\" wlm3-form-field fld\" id=\"wlm_form_field_action\" type=\"hidden\" value=\"wishlistmember-otl\"><p><a href=\"https:\/\/portal.mermaidbroccoli.com\/de\/wp-login.php?redirect_to=https%3A%2F%2Fportal.mermaidbroccoli.com%2Fde%2Fwp-json%2Fwp%2Fv2%2Fpages%2F12452&action=login\">Login mit dem Username\/Email und dem Passwort.<\/a><\/p><\/div><\/form><form method=\"post\" action=\"https:\/\/portal.mermaidbroccoli.com\/de\/wp-login.php?redirect_to=https%3A%2F%2Fportal.mermaidbroccoli.com%2Fde%2Fwp-json%2Fwp%2Fv2%2Fpages%2F12452&action=lostpassword\" class=\"wlm-ajax-login-form-lost\" style=\"display: none;\"><div class=\"wlm-ajax-login-notice -permanent\">Bitte geben Sie Ihren Benutzernamen oder Ihre E-Mail-Adresse an. Sie werden eine E-Mail-Nachricht mit Informationen erhalten, wie Sie Ihr Passwort zur\u00fccksetzen k\u00f6nnen.<\/div><div class=\"wlm3-form\"><div class=\"wlm3-form-group\"><label>Username oder Emailadresse<\/label><input name=\"user_login\" class=\" wlm3-form-field fld\" id=\"wlm_form_field_user_login\" type=\"text\" value=\"\"><\/div><p><input name=\"wp-submit\" class=\"\" id=\"wlm_form_field_wp-submit\" type=\"submit\" value=\"Neues Passwort anfordern\"><\/p><input name=\"action\" class=\" wlm3-form-field fld\" id=\"wlm_form_field_action\" type=\"hidden\" value=\"lostpassword\"><p><a href=\"https:\/\/portal.mermaidbroccoli.com\/de\/wp-login.php?redirect_to=https%3A%2F%2Fportal.mermaidbroccoli.com%2Fde%2Fwp-json%2Fwp%2Fv2%2Fpages%2F12452&action=login\">Anmelden<\/a><\/p><\/div><\/form><\/div><\/div><\/div>\n\t\t\t\t\t\t<\/div>\n\t\t\t\t<\/div>\n\t\t\t\t<div class=\"elementor-element elementor-element-d635354 elementor-widget elementor-widget-image\" data-id=\"d635354\" data-element_type=\"widget\" data-e-type=\"widget\" data-widget_type=\"image.default\">\n\t\t\t\t<div class=\"elementor-widget-container\">\n\t\t\t\t\t\t\t\t\t\t\t\t\t\t\t<img loading=\"lazy\" decoding=\"async\" width=\"640\" height=\"412\" src=\"https:\/\/portal.mermaidbroccoli.com\/wp-content\/uploads\/2024\/07\/registrierungsgrafik_illu-04-1.png\" class=\"attachment-large size-large wp-image-12380\" alt=\"\" srcset=\"https:\/\/portal.mermaidbroccoli.com\/wp-content\/uploads\/2024\/07\/registrierungsgrafik_illu-04-1.png 783w, https:\/\/portal.mermaidbroccoli.com\/wp-content\/uploads\/2024\/07\/registrierungsgrafik_illu-04-1-300x193.png 300w, https:\/\/portal.mermaidbroccoli.com\/wp-content\/uploads\/2024\/07\/registrierungsgrafik_illu-04-1-768x494.png 768w, https:\/\/portal.mermaidbroccoli.com\/wp-content\/uploads\/2024\/07\/registrierungsgrafik_illu-04-1-624x402.png 624w\" sizes=\"(max-width: 640px) 100vw, 640px\" \/>\t\t\t\t\t\t\t\t\t\t\t\t\t\t\t<\/div>\n\t\t\t\t<\/div>\n\t\t\t\t\t<\/div>\n\t\t<\/div>\n\t\t\t\t\t<\/div>\n\t\t<\/section>\n\t\t\t\t<\/div>\n\t\t","protected":false},"excerpt":{"rendered":"<p>Willkommen auf unserem Lernportal! Lerne, Transformation und Komplexit\u00e4t wie ein Surfer die Welle zu beherrschen! Wir laden dich ein, dich auf eine transformative Reise der&hellip;<\/p>\n","protected":false},"author":2,"featured_media":12421,"parent":0,"menu_order":0,"comment_status":"closed","ping_status":"closed","template":"","meta":{"_eb_attr":"","footnotes":"","_links_to":"","_links_to_target":""},"class_list":["post-12452","page","type-page","status-publish","has-post-thumbnail","hentry"],"_links":{"self":[{"href":"https:\/\/portal.mermaidbroccoli.com\/de\/wp-json\/wp\/v2\/pages\/12452","targetHints":{"allow":["GET"]}}],"collection":[{"href":"https:\/\/portal.mermaidbroccoli.com\/de\/wp-json\/wp\/v2\/pages"}],"about":[{"href":"https:\/\/portal.mermaidbroccoli.com\/de\/wp-json\/wp\/v2\/types\/page"}],"author":[{"embeddable":true,"href":"https:\/\/portal.mermaidbroccoli.com\/de\/wp-json\/wp\/v2\/users\/2"}],"replies":[{"embeddable":true,"href":"https:\/\/portal.mermaidbroccoli.com\/de\/wp-json\/wp\/v2\/comments?post=12452"}],"version-history":[{"count":12,"href":"https:\/\/portal.mermaidbroccoli.com\/de\/wp-json\/wp\/v2\/pages\/12452\/revisions"}],"predecessor-version":[{"id":15677,"href":"https:\/\/portal.mermaidbroccoli.com\/de\/wp-json\/wp\/v2\/pages\/12452\/revisions\/15677"}],"wp:featuredmedia":[{"embeddable":true,"href":"https:\/\/portal.mermaidbroccoli.com\/de\/wp-json\/wp\/v2\/media\/12421"}],"wp:attachment":[{"href":"https:\/\/portal.mermaidbroccoli.com\/de\/wp-json\/wp\/v2\/media?parent=12452"}],"curies":[{"name":"wp","href":"https:\/\/api.w.org\/{rel}","templated":true}]}}